{"id":62,"date":"2026-03-11T11:09:51","date_gmt":"2026-03-11T11:09:51","guid":{"rendered":"https:\/\/rosavillavieja.com\/?page_id=62"},"modified":"2026-03-11T19:48:21","modified_gmt":"2026-03-11T19:48:21","slug":"mi-viaje","status":"publish","type":"page","link":"https:\/\/rosavillavieja.com\/index.php\/mi-viaje\/","title":{"rendered":"Mi Viaje"},"content":{"rendered":"\n<div class=\"wp-block-group\"><div class=\"wp-block-group__inner-container is-layout-constrained wp-block-group-is-layout-constrained\">\n<h2 class=\"wp-block-heading\"><strong>De la Desconexi\u00f3n a la Reconexi\u00f3n<\/strong><\/h2>\n\n\n\n<div class=\"wp-block-media-text is-stacked-on-mobile\"><figure class=\"wp-block-media-text__media\"><img loading=\"lazy\" decoding=\"async\" width=\"819\" height=\"1024\" src=\"https:\/\/rosavillavieja.com\/wp-content\/uploads\/Untitled-design-819x1024.png\" alt=\"\" class=\"wp-image-45 size-full\" srcset=\"https:\/\/rosavillavieja.com\/wp-content\/uploads\/Untitled-design-819x1024.png 819w, https:\/\/rosavillavieja.com\/wp-content\/uploads\/Untitled-design-240x300.png 240w, https:\/\/rosavillavieja.com\/wp-content\/uploads\/Untitled-design-768x960.png 768w, https:\/\/rosavillavieja.com\/wp-content\/uploads\/Untitled-design.png 1080w\" sizes=\"auto, (max-width: 819px) 100vw, 819px\" \/><\/figure><div class=\"wp-block-media-text__content\">\n<p>Hace a\u00f1os, yo tambi\u00e9n me sent\u00ed perdida. Las interminables exigencias del d\u00eda a d\u00eda, las responsabilidades, la presi\u00f3n por cumplir con las expectativas de los dem\u00e1s, los constantes \u201ctengo que\u201d y los contratiempos de la vida me llevaron a desconectarme de mi esencia.<\/p>\n\n\n\n<p>Me olvid\u00e9 de m\u00ed misma y de lo que realmente era importante para m\u00ed.<\/p>\n\n\n\n<p>Mis emociones estaban fuera de control; no sab\u00eda c\u00f3mo poner l\u00edmites ni decir \u201cno\u201d sin sentir culpa. Mi vida estaba atrapada por creencias limitantes que me frenaban y me hac\u00edan sentir que no era suficiente.<\/p>\n\n\n\n<p>Sab\u00eda que algo ten\u00eda que cambiar, pero no sab\u00eda por d\u00f3nde empezar. Fue entonces cuando inici\u00e9 un profundo camino de autodescubrimiento.<\/p>\n\n\n\n<p><\/p>\n<\/div><\/div>\n\n\n\n<p>Inicialmente, me acerqu\u00e9 al yoga buscando una manera de encontrar calma en medio del caos. Sin darme cuenta, esta pr\u00e1ctica se convirti\u00f3 en la puerta hacia una transformaci\u00f3n mucho m\u00e1s profunda, llev\u00e1ndome a formarme como profesora de yoga en distintas disciplinas. Este fue el inicio de mi viaje hacia el desarrollo personal.<\/p>\n\n\n\n<p>Movida por mi deseo de aprendizaje y del mundo que se abr\u00eda ante m\u00ed, segu\u00ed explorando herramientas que enriquecieran mi proceso. Me form\u00e9 en Reiki, Coaching, Inteligencia Emocional, Programaci\u00f3n Neuroling\u00fc\u00edstica, Mindfulness y Chamanismo, integrando distintas disciplinas en un enfoque hol\u00edstico que me permitiera sanar y reconectar conmigo misma de manera integral.<\/p>\n\n\n\n<p>Despu\u00e9s de m\u00e1s de 17 a\u00f1os en el mundo corporativo, donde siempre sent\u00ed que algo me faltaba para sentirme completamente realizada, decid\u00ed dar un giro radical a mi carrera.<\/p>\n\n\n\n<p>Hoy, dedico mi vida a acompa\u00f1ar a otras mujeres en su propio camino de transformaci\u00f3n.&nbsp;<\/p>\n\n\n\n<p>Mi compromiso es ofrecer un servicio profesional y humano, fundamentado en mi experiencia personal y en un enfoque multidimensional para potenciar la eficacia del proceso de transformaci\u00f3n al tratar las diferentes capas del ser: emocional, mental, f\u00edsico y espiritual.<\/p>\n\n\n\n<p>Lo que hace mi enfoque \u00fanico es precisamente esa integraci\u00f3n pr\u00e1ctica y accesible de diversas herramientas, sumada a mi propia experiencia personal.<\/p>\n\n\n\n<p>Mi M\u00e9todo VOZ, dise\u00f1ado para llevar a otras mujeres desde la desconexi\u00f3n y la incertidumbre hacia el autoconocimiento, la transformaci\u00f3n de creencias y la acci\u00f3n concreta. Este m\u00e9todo, fruto de mi propia vivencia, ofrece pasos claros y asequibles, sin tecnicismos, para que cada mujer pueda soltar la autoexigencia, el perfeccionismo y el miedo al juicio para vivir desde su autenticidad la vida que realmente merecen.<\/p>\n\n\n\n<p>Este camino me ha convertido en una eterna estudiante apasionada por el desarrollo personal, sigo ampliando mis conocimientos para ofrecer siempre lo mejor a quienes conf\u00edan en m\u00ed para acompa\u00f1arles a transformar sus vidas.<\/p>\n<\/div><\/div>\n","protected":false},"excerpt":{"rendered":"<p>De la Desconexi\u00f3n a la Reconexi\u00f3n Hace a\u00f1os, yo tambi\u00e9n me sent\u00ed perdida. Las interminables exigencias del d\u00eda a d\u00eda, las responsabilidades, la presi\u00f3n por cumplir con las expectativas de los dem\u00e1s, los constantes \u201ctengo que\u201d y los contratiempos de la vida me llevaron a desconectarme de mi esencia. Me olvid\u00e9 de m\u00ed misma y &hellip; <\/p>\n","protected":false},"author":1,"featured_media":0,"parent":0,"menu_order":0,"comment_status":"closed","ping_status":"closed","template":"","meta":{"footnotes":""},"class_list":["post-62","page","type-page","status-publish","hentry"],"_links":{"self":[{"href":"https:\/\/rosavillavieja.com\/index.php\/wp-json\/wp\/v2\/pages\/62","targetHints":{"allow":["GET"]}}],"collection":[{"href":"https:\/\/rosavillavieja.com\/index.php\/wp-json\/wp\/v2\/pages"}],"about":[{"href":"https:\/\/rosavillavieja.com\/index.php\/wp-json\/wp\/v2\/types\/page"}],"author":[{"embeddable":true,"href":"https:\/\/rosavillavieja.com\/index.php\/wp-json\/wp\/v2\/users\/1"}],"replies":[{"embeddable":true,"href":"https:\/\/rosavillavieja.com\/index.php\/wp-json\/wp\/v2\/comments?post=62"}],"version-history":[{"count":4,"href":"https:\/\/rosavillavieja.com\/index.php\/wp-json\/wp\/v2\/pages\/62\/revisions"}],"predecessor-version":[{"id":110,"href":"https:\/\/rosavillavieja.com\/index.php\/wp-json\/wp\/v2\/pages\/62\/revisions\/110"}],"wp:attachment":[{"href":"https:\/\/rosavillavieja.com\/index.php\/wp-json\/wp\/v2\/media?parent=62"}],"curies":[{"name":"wp","href":"https:\/\/api.w.org\/{rel}","templated":true}]}}